{"id":80,"date":"2015-03-05T14:49:48","date_gmt":"2015-03-05T14:49:48","guid":{"rendered":"http:\/\/jornalexemplo1.hospedagemdesites.ws\/jornal\/?page_id=80"},"modified":"2015-03-11T12:00:11","modified_gmt":"2015-03-11T12:00:11","slug":"sobre-o-jornal-exemplo","status":"publish","type":"page","link":"https:\/\/www.jornalexemplo.com.br\/jornal\/sobre-o-jornal-exemplo\/","title":{"rendered":"Sobre o Jornal Exemplo"},"content":{"rendered":"<p><a href=\"http:\/\/jornalexemplo1.hospedagemdesites.ws\/jornal\/wp-content\/uploads\/2015\/03\/foto-awr-edificio.jpg\"><img class=\"alignnone size-medium wp-image-81\" src=\"http:\/\/jornalexemplo1.hospedagemdesites.ws\/jornal\/wp-content\/uploads\/2015\/03\/foto-awr-edificio-300x211.jpg\" alt=\"foto awr edificio\" width=\"300\" height=\"211\" srcset=\"https:\/\/www.jornalexemplo.com.br\/jornal\/wp-content\/uploads\/2015\/03\/foto-awr-edificio-300x211.jpg 300w, https:\/\/www.jornalexemplo.com.br\/jornal\/wp-content\/uploads\/2015\/03\/foto-awr-edificio-1024x722.jpg 1024w, https:\/\/www.jornalexemplo.com.br\/jornal\/wp-content\/uploads\/2015\/03\/foto-awr-edificio.jpg 1932w\" sizes=\"(max-width: 300px) 100vw, 300px\" \/><\/a><\/p>\n<p>O Jornal Exemplo\u00ae foi lan\u00e7ado em 2004 com o objetivo de suprir a necessidade de diversifica\u00e7\u00e3o informacional do munic\u00edpio em plena expans\u00e3o, sendo um ve\u00edculo de publica\u00e7\u00e3o semanal em formato standard de circula\u00e7\u00e3o \u00e0s sextas-feiras. Trata-se de um jornal completo com informa\u00e7\u00f5es sobre Cidade e Regi\u00e3o, Cultura, Social, Pol\u00edcia, Pol\u00edtica, Esporte, Sa\u00fade, Tecnologia, Turismo, Classificados e um amplo Caderno Imobili\u00e1rio.<\/p>\n","protected":false},"excerpt":{"rendered":"<p>O Jornal Exemplo\u00ae foi lan\u00e7ado em 2004 com o objetivo de suprir a necessidade de diversifica\u00e7\u00e3o informacional do munic\u00edpio em plena expans\u00e3o, sendo um ve\u00edculo de publica\u00e7\u00e3o semanal em formato standard de circula\u00e7\u00e3o \u00e0s sextas-feiras. Trata-se de um jornal completo com informa\u00e7\u00f5es sobre Cidade e Regi\u00e3o, Cultura, Social, Pol\u00edcia, Pol\u00edtica, Esporte, Sa\u00fade, Tecnologia, Turismo, Classificados &#8230;<\/p>\n","protected":false},"author":1,"featured_media":0,"parent":0,"menu_order":0,"comment_status":"open","ping_status":"open","template":"","meta":[],"_links":{"self":[{"href":"https:\/\/www.jornalexemplo.com.br\/jornal\/wp-json\/wp\/v2\/pages\/80"}],"collection":[{"href":"https:\/\/www.jornalexemplo.com.br\/jornal\/wp-json\/wp\/v2\/pages"}],"about":[{"href":"https:\/\/www.jornalexemplo.com.br\/jornal\/wp-json\/wp\/v2\/types\/page"}],"author":[{"embeddable":true,"href":"https:\/\/www.jornalexemplo.com.br\/jornal\/wp-json\/wp\/v2\/users\/1"}],"replies":[{"embeddable":true,"href":"https:\/\/www.jornalexemplo.com.br\/jornal\/wp-json\/wp\/v2\/comments?post=80"}],"version-history":[{"count":2,"href":"https:\/\/www.jornalexemplo.com.br\/jornal\/wp-json\/wp\/v2\/pages\/80\/revisions"}],"predecessor-version":[{"id":89,"href":"https:\/\/www.jornalexemplo.com.br\/jornal\/wp-json\/wp\/v2\/pages\/80\/revisions\/89"}],"wp:attachment":[{"href":"https:\/\/www.jornalexemplo.com.br\/jornal\/wp-json\/wp\/v2\/media?parent=80"}],"curies":[{"name":"wp","href":"https:\/\/api.w.org\/{rel}","templated":true}]}}