{"id":75,"date":"2015-03-05T14:13:52","date_gmt":"2015-03-05T14:13:52","guid":{"rendered":"http:\/\/jornalexemplo1.hospedagemdesites.ws\/jornal\/?page_id=75"},"modified":"2022-05-27T13:03:59","modified_gmt":"2022-05-27T13:03:59","slug":"contato","status":"publish","type":"page","link":"https:\/\/www.jornalexemplo.com.br\/jornal\/contato\/","title":{"rendered":"Contato"},"content":{"rendered":"<p><span style=\"color: #000000;\"><strong>CONTATO<\/strong><\/span><\/p>\n<p><span style=\"color: #000000;\"><strong>Por favor, preencha o formul\u00e1rio para entrar em contato conosco.<\/strong><\/span><\/p>\n<p><span style=\"color: #000000;\">Voc\u00ea tem alguma ideia de como melhorar nossa cidade? Ent\u00e3o participe do \u201cFale com o Presidente\u201d.<\/span><\/p>\n<p><span style=\"color: #000000;\">nosso telefone:\u00a0(19) 3801-5087<\/span><\/p>\n<p><span style=\"color: #000000;\">Nossa equipe de jornalismo investigar\u00e1 o ocorrido e ir\u00e1 procurar as autoridades respons\u00e1veis da cidade para falarem sobre sua reclama\u00e7\u00e3o e\/ ou sugest\u00e3o.<\/span><\/p>\n<p><span style=\"color: #000000;\">Os e-mails s\u00e3o:<\/span><\/p>\n<p><span style=\"color: #000000;\"><strong>Artes:<\/strong>\u00a0 anuncio@jornalexemplo.com.br<\/span><\/p>\n<p><span style=\"color: #000000;\"><strong>Classificados e Im\u00f3veis:<\/strong> classificados@jornalexemplo.com.br<\/span><\/p>\n<p><span style=\"color: #000000;\"><strong>Cultura e Social:<\/strong> cultura@jornalexemplo.com.br<\/span><\/p>\n<p><span style=\"color: #000000;\"><strong>Esportes:<\/strong> esportes@jornalexemplo.com.br<\/span><\/p>\n<p><span style=\"color: #000000;\"><strong>Administrativo e Or\u00e7amento:<\/strong> awradm@awr.com.br<\/span><\/p>\n<p><span style=\"color: #000000;\"><strong>Geral:<\/strong> jornalexemplo@jornalexemplo.com.br<\/span><\/p>\n<h3><span style=\"color: #000000;\">Endere\u00e7o<\/span><\/h3>\n<dl class=\"contacts-list\">\n<dt>Av. Engenheiro F\u00e1bio Roberto Barnab\u00e9, 2350 &#8211; Jardim Esplanada II Indaiatuba &#8211; SP &#8211; CEP:13331-520<\/dt>\n<\/dl>\n<div role=\"form\" class=\"wpcf7\" id=\"wpcf7-f6-o1\" lang=\"en-US\" dir=\"ltr\">\n<div class=\"screen-reader-response\"><p role=\"status\" aria-live=\"polite\" aria-atomic=\"true\"><\/p> <ul><\/ul><\/div>\n<form action=\"\/jornal\/wp-json\/wp\/v2\/pages\/75#wpcf7-f6-o1\" method=\"post\" class=\"wpcf7-form init\" novalidate=\"novalidate\" data-status=\"init\">\n<div style=\"display: none;\">\n<input type=\"hidden\" name=\"_wpcf7\" value=\"6\" \/>\n<input type=\"hidden\" name=\"_wpcf7_version\" value=\"5.5.6.1\" \/>\n<input type=\"hidden\" name=\"_wpcf7_locale\" value=\"en_US\" \/>\n<input type=\"hidden\" name=\"_wpcf7_unit_tag\" value=\"wpcf7-f6-o1\" \/>\n<input type=\"hidden\" name=\"_wpcf7_container_post\" value=\"0\" \/>\n<input type=\"hidden\" name=\"_wpcf7_posted_data_hash\" value=\"\" \/>\n<\/div>\n<p>Seu Nome (requirido)<br \/>\n    <span class=\"wpcf7-form-control-wrap your-name\"><input type=\"text\" name=\"your-name\" value=\"\" size=\"40\" class=\"wpcf7-form-control wpcf7-text wpcf7-validates-as-required\" aria-required=\"true\" aria-invalid=\"false\" \/><\/span> <\/p>\n<p>Seu Email (requirido)<br \/>\n    <span class=\"wpcf7-form-control-wrap your-email\"><input type=\"email\" name=\"your-email\" value=\"\" size=\"40\" class=\"wpcf7-form-control wpcf7-text wpcf7-email wpcf7-validates-as-required wpcf7-validates-as-email\" aria-required=\"true\" aria-invalid=\"false\" \/><\/span> <\/p>\n<p>Assunto:<br \/>\n    <span class=\"wpcf7-form-control-wrap your-subject\"><input type=\"text\" name=\"your-subject\" value=\"\" size=\"40\" class=\"wpcf7-form-control wpcf7-text wpcf7-validates-as-required\" aria-required=\"true\" aria-invalid=\"false\" \/><\/span> <\/p>\n<p>Sua Menssagem<br \/>\n    <span class=\"wpcf7-form-control-wrap your-message\"><textarea name=\"your-message\" cols=\"40\" rows=\"10\" class=\"wpcf7-form-control wpcf7-textarea wpcf7-validates-as-required\" aria-required=\"true\" aria-invalid=\"false\"><\/textarea><\/span> <\/p>\n<p><input type=\"submit\" value=\"Enviar\" class=\"wpcf7-form-control has-spinner wpcf7-submit\" \/><\/p>\n<div class=\"wpcf7-response-output\" aria-hidden=\"true\"><\/div><\/form><\/div>\n","protected":false},"excerpt":{"rendered":"<p>CONTATO Por favor, preencha o formul\u00e1rio para entrar em contato conosco. Voc\u00ea tem alguma ideia de como melhorar nossa cidade? Ent\u00e3o participe do \u201cFale com o Presidente\u201d. nosso telefone:\u00a0(19) 3801-5087 Nossa equipe de jornalismo investigar\u00e1 o ocorrido e ir\u00e1 procurar as autoridades respons\u00e1veis da cidade para falarem sobre sua reclama\u00e7\u00e3o e\/ ou sugest\u00e3o. Os e-mails &#8230;<\/p>\n","protected":false},"author":1,"featured_media":0,"parent":0,"menu_order":0,"comment_status":"open","ping_status":"open","template":"","meta":[],"_links":{"self":[{"href":"https:\/\/www.jornalexemplo.com.br\/jornal\/wp-json\/wp\/v2\/pages\/75"}],"collection":[{"href":"https:\/\/www.jornalexemplo.com.br\/jornal\/wp-json\/wp\/v2\/pages"}],"about":[{"href":"https:\/\/www.jornalexemplo.com.br\/jornal\/wp-json\/wp\/v2\/types\/page"}],"author":[{"embeddable":true,"href":"https:\/\/www.jornalexemplo.com.br\/jornal\/wp-json\/wp\/v2\/users\/1"}],"replies":[{"embeddable":true,"href":"https:\/\/www.jornalexemplo.com.br\/jornal\/wp-json\/wp\/v2\/comments?post=75"}],"version-history":[{"count":10,"href":"https:\/\/www.jornalexemplo.com.br\/jornal\/wp-json\/wp\/v2\/pages\/75\/revisions"}],"predecessor-version":[{"id":34512,"href":"https:\/\/www.jornalexemplo.com.br\/jornal\/wp-json\/wp\/v2\/pages\/75\/revisions\/34512"}],"wp:attachment":[{"href":"https:\/\/www.jornalexemplo.com.br\/jornal\/wp-json\/wp\/v2\/media?parent=75"}],"curies":[{"name":"wp","href":"https:\/\/api.w.org\/{rel}","templated":true}]}}