{"id":664,"date":"2015-04-09T11:11:34","date_gmt":"2015-04-09T11:11:34","guid":{"rendered":"http:\/\/jornalexemplo1.hospedagemdesites.ws\/jornal\/?page_id=664"},"modified":"2015-04-09T11:12:07","modified_gmt":"2015-04-09T11:12:07","slug":"indicadores-monetarios","status":"publish","type":"page","link":"https:\/\/www.jornalexemplo.com.br\/jornal\/indicadores-monetarios\/","title":{"rendered":"Indicadores Monet\u00e1rios"},"content":{"rendered":"<p><a href=\"http:\/\/www.debit.com.br\" target=\"_blank\" alt=\"Corre\u00e7\u00e3o monet\u00e1ria e c\u00e1lculos trabalhistas\"><img src=\"http:\/\/www.debit.com.br\/indicadores.php\" title=\"Corre\u00e7\u00e3o monet\u00e1ria e c\u00e1lculos trabalhistas\"><\/a><\/p>\n","protected":false},"excerpt":{"rendered":"","protected":false},"author":1,"featured_media":0,"parent":0,"menu_order":0,"comment_status":"open","ping_status":"open","template":"","meta":[],"_links":{"self":[{"href":"https:\/\/www.jornalexemplo.com.br\/jornal\/wp-json\/wp\/v2\/pages\/664"}],"collection":[{"href":"https:\/\/www.jornalexemplo.com.br\/jornal\/wp-json\/wp\/v2\/pages"}],"about":[{"href":"https:\/\/www.jornalexemplo.com.br\/jornal\/wp-json\/wp\/v2\/types\/page"}],"author":[{"embeddable":true,"href":"https:\/\/www.jornalexemplo.com.br\/jornal\/wp-json\/wp\/v2\/users\/1"}],"replies":[{"embeddable":true,"href":"https:\/\/www.jornalexemplo.com.br\/jornal\/wp-json\/wp\/v2\/comments?post=664"}],"version-history":[{"count":1,"href":"https:\/\/www.jornalexemplo.com.br\/jornal\/wp-json\/wp\/v2\/pages\/664\/revisions"}],"predecessor-version":[{"id":665,"href":"https:\/\/www.jornalexemplo.com.br\/jornal\/wp-json\/wp\/v2\/pages\/664\/revisions\/665"}],"wp:attachment":[{"href":"https:\/\/www.jornalexemplo.com.br\/jornal\/wp-json\/wp\/v2\/media?parent=664"}],"curies":[{"name":"wp","href":"https:\/\/api.w.org\/{rel}","templated":true}]}}