{"id":1182,"date":"2015-05-07T18:48:08","date_gmt":"2015-05-07T18:48:08","guid":{"rendered":"http:\/\/jornalexemplo1.hospedagemdesites.ws\/jornal\/?page_id=1182"},"modified":"2015-05-08T17:52:56","modified_gmt":"2015-05-08T17:52:56","slug":"opiniao-layout","status":"publish","type":"page","link":"https:\/\/www.jornalexemplo.com.br\/jornal\/opiniao-layout\/","title":{"rendered":"Opini\u00e3o"},"content":{"rendered":"<p>&nbsp;<\/p>\n                    \n            \n\t\t<section class=\"section news-box nb1 news-list cat_32 \"><!--News box 1-->\n\t\t\t                                    \n                            <header class=\"block-title\">\n                                <h2><a href=\"http:\/\/www.jornalexemplo.com.br\/jornal\/category\/cidades\/opiniao\/nossa-opiniao\/\">Nossa Opini\u00e3o<\/a><\/h2>\n\t\t\t\t                            <\/header>\n                            \n                            <ul>\n                                                                <li class=\"post-5647 post type-post status-publish format-standard category-especial-indaiatuba category-nossa-opiniao tag-cidade-lutou-pela-sede-do-correios-e-telegrafos tag-nossa-opiniao\" itemscope=\"\" itemtype=\"http:\/\/schema.org\/Article\">\n                                    <h2 itemprop=\"name\"><a itemprop=\"url\" href=\"http:\/\/www.jornalexemplo.com.br\/jornal\/cidade-lutou-pela-sede-do-correios-e-telegrafos\/\">Cidade lutou pela sede do Correios e Tel\u00e9grafos<\/a><\/h2>\n                                    <div class=\"entry-content\">\n                                        \n                                        <p>\n\t                                        \t                                    <\/p>\n\t                                                                    <\/div>\n                                                                        <div class=\"entry-meta\">\n                                                                            <time class=\"entry-date\" datetime=\"2015-12-04T08:43:00+00:00\" itemprop=\"dateCreated\"><i class=\"momizat-icon-calendar\"><\/i>04 \/ dezembro \/ 2015<\/time>\n                                                                                                                            \t\t\t\t\t<div class=\"clear\"><\/div>\n                                    <\/div>\n                                                                    <\/li>\n                                                                <li class=\"post-2553 post type-post status-publish format-standard category-nossa-opiniao tag-nossa-opiniao\" itemscope=\"\" itemtype=\"http:\/\/schema.org\/Article\">\n                                    <h2 itemprop=\"name\"><a itemprop=\"url\" href=\"http:\/\/www.jornalexemplo.com.br\/jornal\/onde-estao-as-criancas\/\">Onde est\u00e3o as crian\u00e7as?<\/a><\/h2>\n                                    <div class=\"entry-content\">\n                                        \n                                        <p>\n\t                                        \t                                    <\/p>\n\t                                                                    <\/div>\n                                                                        <div class=\"entry-meta\">\n                                                                            <time class=\"entry-date\" datetime=\"2015-07-10T14:02:42+00:00\" itemprop=\"dateCreated\"><i class=\"momizat-icon-calendar\"><\/i>10 \/ julho \/ 2015<\/time>\n                                                                                                                            \t\t\t\t\t<div class=\"clear\"><\/div>\n                                    <\/div>\n                                                                    <\/li>\n                                                                <li class=\"post-2093 post type-post status-publish format-standard category-nossa-opiniao tag-nossa-opiniao\" itemscope=\"\" itemtype=\"http:\/\/schema.org\/Article\">\n                                    <h2 itemprop=\"name\"><a itemprop=\"url\" href=\"http:\/\/www.jornalexemplo.com.br\/jornal\/o-primitivo-no-seculo-21\/\">O primitivo no s\u00e9culo 21<\/a><\/h2>\n                                    <div class=\"entry-content\">\n                                        \n                                        <p>\n\t                                        \t                                    <\/p>\n\t                                                                    <\/div>\n                                                                        <div class=\"entry-meta\">\n                                                                            <time class=\"entry-date\" datetime=\"2015-06-19T12:09:33+00:00\" itemprop=\"dateCreated\"><i class=\"momizat-icon-calendar\"><\/i>19 \/ junho \/ 2015<\/time>\n                                                                                                                            \t\t\t\t\t<div class=\"clear\"><\/div>\n                                    <\/div>\n                                                                    <\/li>\n                                                                <li class=\"post-1974 post type-post status-publish format-standard category-nossa-opiniao tag-a-intolerancia-sem-limites tag-nossa-opiniao\" itemscope=\"\" itemtype=\"http:\/\/schema.org\/Article\">\n                                    <h2 itemprop=\"name\"><a itemprop=\"url\" href=\"http:\/\/www.jornalexemplo.com.br\/jornal\/a-intolerancia-sem-limites\/\">A intoler\u00e2ncia sem limites<\/a><\/h2>\n                                    <div class=\"entry-content\">\n                                        \n                                        <p>\n\t                                        \t                                    <\/p>\n\t                                                                    <\/div>\n                                                                        <div class=\"entry-meta\">\n                                                                            <time class=\"entry-date\" datetime=\"2015-06-12T13:37:45+00:00\" itemprop=\"dateCreated\"><i class=\"momizat-icon-calendar\"><\/i>12 \/ junho \/ 2015<\/time>\n                                                                                                                            \t\t\t\t\t<div class=\"clear\"><\/div>\n                                    <\/div>\n                                                                    <\/li>\n                                                                <li class=\"post-1851 post type-post status-publish format-standard category-nossa-opiniao tag-nossa-opiniao\" itemscope=\"\" itemtype=\"http:\/\/schema.org\/Article\">\n                                    <h2 itemprop=\"name\"><a itemprop=\"url\" href=\"http:\/\/www.jornalexemplo.com.br\/jornal\/dengue-sofre-queda\/\">Dengue sofre queda<\/a><\/h2>\n                                    <div class=\"entry-content\">\n                                        \n                                        <p>\n\t                                        \t                                    <\/p>\n\t                                                                    <\/div>\n                                                                        <div class=\"entry-meta\">\n                                                                            <time class=\"entry-date\" datetime=\"2015-06-05T13:24:09+00:00\" itemprop=\"dateCreated\"><i class=\"momizat-icon-calendar\"><\/i>05 \/ junho \/ 2015<\/time>\n                                                                                                                            \t\t\t\t\t<div class=\"clear\"><\/div>\n                                    <\/div>\n                                                                    <\/li>\n                                                                <li class=\"post-1726 post type-post status-publish format-standard category-nossa-opiniao tag-nossa-opiniao\" itemscope=\"\" itemtype=\"http:\/\/schema.org\/Article\">\n                                    <h2 itemprop=\"name\"><a itemprop=\"url\" href=\"http:\/\/www.jornalexemplo.com.br\/jornal\/a-luz-no-fim-do-tunel\/\">A luz no fim do t\u00fanel<\/a><\/h2>\n                                    <div class=\"entry-content\">\n                                        \n                                        <p>\n\t                                        \t                                    <\/p>\n\t                                                                    <\/div>\n                                                                        <div class=\"entry-meta\">\n                                                                            <time class=\"entry-date\" datetime=\"2015-05-29T12:59:44+00:00\" itemprop=\"dateCreated\"><i class=\"momizat-icon-calendar\"><\/i>29 \/ maio \/ 2015<\/time>\n                                                                                                                            \t\t\t\t\t<div class=\"clear\"><\/div>\n                                    <\/div>\n                                                                    <\/li>\n                                                            <\/ul>\n                                                    \n                    <\/section><!--News box 1-->\n\n            \n\t\n                    \n            \n\t\t<section class=\"section news-box nb1 news-list cat_33 \"><!--News box 1-->\n\t\t\t                                    \n                            <header class=\"block-title\">\n                                <h2><a href=\"http:\/\/www.jornalexemplo.com.br\/jornal\/category\/cidades\/opiniao\/outra-opiniao\/\">Outra Opini\u00e3o<\/a><\/h2>\n\t\t\t\t                            <\/header>\n                            \n                            <ul>\n                                                                <li class=\"post-34081 post type-post status-publish format-standard category-outra-opiniao tag-outra-opiniao\" itemscope=\"\" itemtype=\"http:\/\/schema.org\/Article\">\n                                    <h2 itemprop=\"name\"><a itemprop=\"url\" href=\"http:\/\/www.jornalexemplo.com.br\/jornal\/mulheres-de-50-anos-o-tempo-de-ser-feliz-e-agora\/\">Mulheres de 50 anos, o tempo de ser feliz \u00e9 agora!<\/a><\/h2>\n                                    <div class=\"entry-content\">\n                                        \n                                        <p>\n\t                                        Se algu\u00e9m ainda acredita que uma mulher de 50 anos ou mais est\u00e1 no decl\u00ednio da sua vida anda meio desinformado. Viv...\t                                    <\/p>\n\t                                                                    <\/div>\n                                                                        <div class=\"entry-meta\">\n                                                                            <time class=\"entry-date\" datetime=\"2021-11-26T12:07:21+00:00\" itemprop=\"dateCreated\"><i class=\"momizat-icon-calendar\"><\/i>26 \/ novembro \/ 2021<\/time>\n                                                                                                                            \t\t\t\t\t<div class=\"clear\"><\/div>\n                                    <\/div>\n                                                                    <\/li>\n                                                                <li class=\"post-34058 post type-post status-publish format-standard category-opiniao category-outra-opiniao\" itemscope=\"\" itemtype=\"http:\/\/schema.org\/Article\">\n                                    <h2 itemprop=\"name\"><a itemprop=\"url\" href=\"http:\/\/www.jornalexemplo.com.br\/jornal\/como-prevenir-e-tratar-a-obesidade-infantil\/\">Como prevenir e tratar a obesidade infantil?<\/a><\/h2>\n                                    <div class=\"entry-content\">\n                                        \n                                        <p>\n\t                                        A obesidade infantil \u00e9 considerada como um dos problemas de sa\u00fade mais graves deste s\u00e9culo, segundo a pr\u00f3pria Organ...\t                                    <\/p>\n\t                                                                    <\/div>\n                                                                        <div class=\"entry-meta\">\n                                                                            <time class=\"entry-date\" datetime=\"2021-11-19T12:23:18+00:00\" itemprop=\"dateCreated\"><i class=\"momizat-icon-calendar\"><\/i>19 \/ novembro \/ 2021<\/time>\n                                                                                                                            \t\t\t\t\t<div class=\"clear\"><\/div>\n                                    <\/div>\n                                                                    <\/li>\n                                                                <li class=\"post-34029 post type-post status-publish format-standard category-outra-opiniao tag-outra-opiniao\" itemscope=\"\" itemtype=\"http:\/\/schema.org\/Article\">\n                                    <h2 itemprop=\"name\"><a itemprop=\"url\" href=\"http:\/\/www.jornalexemplo.com.br\/jornal\/hora-de-rever-a-vida\/\">Hora de rever a vida<\/a><\/h2>\n                                    <div class=\"entry-content\">\n                                        \n                                        <p>\n\t                                        Hoje, tomo a liberdade de fazer uma reflex\u00e3o sobre a vida. Valho-me, inicialmente, de S\u00eaneca com seu pux\u00e3o de orelh...\t                                    <\/p>\n\t                                                                    <\/div>\n                                                                        <div class=\"entry-meta\">\n                                                                            <time class=\"entry-date\" datetime=\"2021-11-12T11:25:06+00:00\" itemprop=\"dateCreated\"><i class=\"momizat-icon-calendar\"><\/i>12 \/ novembro \/ 2021<\/time>\n                                                                                                                            \t\t\t\t\t<div class=\"clear\"><\/div>\n                                    <\/div>\n                                                                    <\/li>\n                                                                <li class=\"post-33922 post type-post status-publish format-standard category-opiniao category-outra-opiniao tag-desafio tag-exemplo tag-outra-opiniao\" itemscope=\"\" itemtype=\"http:\/\/schema.org\/Article\">\n                                    <h2 itemprop=\"name\"><a itemprop=\"url\" href=\"http:\/\/www.jornalexemplo.com.br\/jornal\/o-desafio-de-ser-professor\/\">O desafio de ser professor<\/a><\/h2>\n                                    <div class=\"entry-content\">\n                                        \n                                        <p>\n\t                                        O Dia do Professor, comemorado no Brasil em 15 de outubro, est\u00e1 relacionado a uma lei decretada por D. Pedro I no a...\t                                    <\/p>\n\t                                                                    <\/div>\n                                                                        <div class=\"entry-meta\">\n                                                                            <time class=\"entry-date\" datetime=\"2021-10-15T11:33:34+00:00\" itemprop=\"dateCreated\"><i class=\"momizat-icon-calendar\"><\/i>15 \/ outubro \/ 2021<\/time>\n                                                                                                                            \t\t\t\t\t<div class=\"clear\"><\/div>\n                                    <\/div>\n                                                                    <\/li>\n                                                                <li class=\"post-33891 post type-post status-publish format-standard category-outra-opiniao tag-outra-opiniao\" itemscope=\"\" itemtype=\"http:\/\/schema.org\/Article\">\n                                    <h2 itemprop=\"name\"><a itemprop=\"url\" href=\"http:\/\/www.jornalexemplo.com.br\/jornal\/a-retomada-dos-eventos-teste-como-um-possivel-inicio-do-pos-pandemia\/\">A retomada dos eventos-teste como um poss\u00edvel in\u00edcio do p\u00f3s-pandemia<\/a><\/h2>\n                                    <div class=\"entry-content\">\n                                        \n                                        <p>\n\t                                        Desde o in\u00edcio da pandemia da Covid-19, em mar\u00e7o de 2020, o principal desejo de todos era pela vacina contra o novo...\t                                    <\/p>\n\t                                                                    <\/div>\n                                                                        <div class=\"entry-meta\">\n                                                                            <time class=\"entry-date\" datetime=\"2021-10-08T11:22:39+00:00\" itemprop=\"dateCreated\"><i class=\"momizat-icon-calendar\"><\/i>08 \/ outubro \/ 2021<\/time>\n                                                                                                                            \t\t\t\t\t<div class=\"clear\"><\/div>\n                                    <\/div>\n                                                                    <\/li>\n                                                                <li class=\"post-33821 post type-post status-publish format-standard category-opiniao category-outra-opiniao\" itemscope=\"\" itemtype=\"http:\/\/schema.org\/Article\">\n                                    <h2 itemprop=\"name\"><a itemprop=\"url\" href=\"http:\/\/www.jornalexemplo.com.br\/jornal\/em-busca-da-resposta-correta-a-jornada-2\/\">Em busca da resposta correta (a jornada)<\/a><\/h2>\n                                    <div class=\"entry-content\">\n                                        \n                                        <p>\n\t                                        QuFui convidada sentar-me \u00e0 mesa. Estavam todos a postos. Confesso que nem sabia o que dizer, no in\u00edcio. Um velho c...\t                                    <\/p>\n\t                                                                    <\/div>\n                                                                        <div class=\"entry-meta\">\n                                                                            <time class=\"entry-date\" datetime=\"2021-09-24T12:55:46+00:00\" itemprop=\"dateCreated\"><i class=\"momizat-icon-calendar\"><\/i>24 \/ setembro \/ 2021<\/time>\n                                                                                                                            \t\t\t\t\t<div class=\"clear\"><\/div>\n                                    <\/div>\n                                                                    <\/li>\n                                                            <\/ul>\n                                                    \n                    <\/section><!--News box 1-->\n\n            \n\t\n<p>&nbsp;<\/p>\n","protected":false},"excerpt":{"rendered":"<p>&nbsp; &nbsp;<\/p>\n","protected":false},"author":1,"featured_media":0,"parent":0,"menu_order":0,"comment_status":"open","ping_status":"open","template":"","meta":[],"_links":{"self":[{"href":"https:\/\/www.jornalexemplo.com.br\/jornal\/wp-json\/wp\/v2\/pages\/1182"}],"collection":[{"href":"https:\/\/www.jornalexemplo.com.br\/jornal\/wp-json\/wp\/v2\/pages"}],"about":[{"href":"https:\/\/www.jornalexemplo.com.br\/jornal\/wp-json\/wp\/v2\/types\/page"}],"author":[{"embeddable":true,"href":"https:\/\/www.jornalexemplo.com.br\/jornal\/wp-json\/wp\/v2\/users\/1"}],"replies":[{"embeddable":true,"href":"https:\/\/www.jornalexemplo.com.br\/jornal\/wp-json\/wp\/v2\/comments?post=1182"}],"version-history":[{"count":7,"href":"https:\/\/www.jornalexemplo.com.br\/jornal\/wp-json\/wp\/v2\/pages\/1182\/revisions"}],"predecessor-version":[{"id":1272,"href":"https:\/\/www.jornalexemplo.com.br\/jornal\/wp-json\/wp\/v2\/pages\/1182\/revisions\/1272"}],"wp:attachment":[{"href":"https:\/\/www.jornalexemplo.com.br\/jornal\/wp-json\/wp\/v2\/media?parent=1182"}],"curies":[{"name":"wp","href":"https:\/\/api.w.org\/{rel}","templated":true}]}}